{"id":5324,"date":"2017-05-11T14:22:23","date_gmt":"2017-05-11T12:22:23","guid":{"rendered":"http:\/\/tunipellets.com\/?page_id=5324"},"modified":"2017-11-20T11:46:30","modified_gmt":"2017-11-20T10:46:30","slug":"olive-pomace","status":"publish","type":"page","link":"https:\/\/tunipellets.com\/it\/olive-pomace\/","title":{"rendered":"I GRANULI DEI RESIDUI DI OLIVE"},"content":{"rendered":"<div class=\"wpb-content-wrapper\"><p>[vc_row][vc_column width=&#8221;1\/2&#8243;][vc_single_image image=&#8221;5318&#8243; img_size=&#8221;full&#8221; alignment=&#8221;center&#8221;][\/vc_column][vc_column width=&#8221;1\/2&#8243;][vc_custom_heading text=&#8221;I GRANULI DEI RESIDUI DI OLIVE&#8221; google_fonts=&#8221;font_family:Cinzel%3Aregular%2C700%2C900|font_style:700%20bold%20regular%3A700%3Anormal&#8221;][vc_column_text]Il residuo di olive \u00e8 un sottoprodotto della produzione di olio d\u2019oliva. Esso \u00e8 disponibile in grande quantit\u00e0 durante tutto l\u2019anno. Poich\u00e9 esso \u00e8 fortemente combustibile, sempre pi\u00f9 societ\u00e0 (operatori di centrali elettriche e termiche, fabbriche e fabbricanti di cemento ecc) lo usano ormai come combustibile alternativo e sostenibile.<\/p>\n<p>IL residuo di olive pu\u00f2 essere usato anche come prodotto per la combustione nei gassificatori e le caldaie\/stufe a biomassa.<\/p>\n<p>I granuli a base di residuo di olive sono da un potere calorifico elevato &gt;5 Kwh\/kg e da un\u2019umidit\u00e0 del 9%.<\/p>\n<p>IL prezzo \u00e8 inferiore rispetto a quello dei granuli di legno A1 ed \u00e8 leggermente superiore rispetto a quello dei granuli di legno industriali.[\/vc_column_text][\/vc_column][\/vc_row][vc_row][vc_column][vc_custom_heading text=&#8221;Vedi altro&#8221; google_fonts=&#8221;font_family:Cinzel%3Aregular%2C700%2C900|font_style:700%20bold%20regular%3A700%3Anormal&#8221;][\/vc_column][\/vc_row][vc_row][vc_column width=&#8221;1\/4&#8243;][vc_single_image image=&#8221;5320&#8243; alignment=&#8221;center&#8221;][vc_custom_heading text=&#8221;MATTONATE CARBONIZZATE &#8221; font_container=&#8221;tag:h2|text_align:center&#8221; google_fonts=&#8221;font_family:Open%20Sans%3A300%2C300italic%2Cregular%2Citalic%2C600%2C600italic%2C700%2C700italic%2C800%2C800italic|font_style:400%20regular%3A400%3Anormal&#8221; link=&#8221;url:http%3A%2F%2Ftunipellets.com%2Fcarbonized-briquettes%2F|||&#8221;][\/vc_column][vc_column width=&#8221;1\/4&#8243;][vc_single_image image=&#8221;5319&#8243; alignment=&#8221;center&#8221;][vc_custom_heading text=&#8221;MATTONATE DI LEGNO&#8221; font_container=&#8221;tag:h2|text_align:center&#8221; google_fonts=&#8221;font_family:Open%20Sans%3A300%2C300italic%2Cregular%2Citalic%2C600%2C600italic%2C700%2C700italic%2C800%2C800italic|font_style:400%20regular%3A400%3Anormal&#8221; link=&#8221;url:http%3A%2F%2Ftunipellets.com%2Fcarbonized-briquettes%2F|||&#8221;][\/vc_column][vc_column width=&#8221;1\/4&#8243;][\/vc_column][vc_column width=&#8221;1\/4&#8243;][\/vc_column][\/vc_row]<\/p>\n<\/div>","protected":false},"excerpt":{"rendered":"<p>[vc_row][vc_column width=&#8221;1\/2&#8243;][vc_single_image image=&#8221;5318&#8243; img_size=&#8221;full&#8221; alignment=&#8221;center&#8221;][\/vc_column][vc_column width=&#8221;1\/2&#8243;][vc_custom_heading text=&#8221;I GRANULI DEI RESIDUI DI OLIVE&#8221; google_fonts=&#8221;font_family:Cinzel%3Aregular%2C700%2C900|font_style:700%20bold%20regular%3A700%3Anormal&#8221;][vc_column_text]Il residuo di olive \u00e8 un sottoprodotto della produzione di olio d\u2019oliva. Esso \u00e8 disponibile in grande quantit\u00e0 durante tutto l\u2019anno. Poich\u00e9 esso \u00e8 fortemente combustibile, sempre pi\u00f9 societ\u00e0 (operatori di centrali elettriche e termiche, fabbriche e fabbricanti di cemento ecc) lo usano [&hellip;]<\/p>\n","protected":false},"author":1,"featured_media":0,"parent":0,"menu_order":0,"comment_status":"closed","ping_status":"closed","template":"","meta":{"footnotes":""},"class_list":["post-5324","page","type-page","status-publish","hentry"],"featured_image_src":"","featured_image_src_square":"","_links":{"self":[{"href":"https:\/\/tunipellets.com\/it\/wp-json\/wp\/v2\/pages\/5324","targetHints":{"allow":["GET"]}}],"collection":[{"href":"https:\/\/tunipellets.com\/it\/wp-json\/wp\/v2\/pages"}],"about":[{"href":"https:\/\/tunipellets.com\/it\/wp-json\/wp\/v2\/types\/page"}],"author":[{"embeddable":true,"href":"https:\/\/tunipellets.com\/it\/wp-json\/wp\/v2\/users\/1"}],"replies":[{"embeddable":true,"href":"https:\/\/tunipellets.com\/it\/wp-json\/wp\/v2\/comments?post=5324"}],"version-history":[{"count":7,"href":"https:\/\/tunipellets.com\/it\/wp-json\/wp\/v2\/pages\/5324\/revisions"}],"predecessor-version":[{"id":5424,"href":"https:\/\/tunipellets.com\/it\/wp-json\/wp\/v2\/pages\/5324\/revisions\/5424"}],"wp:attachment":[{"href":"https:\/\/tunipellets.com\/it\/wp-json\/wp\/v2\/media?parent=5324"}],"curies":[{"name":"wp","href":"https:\/\/api.w.org\/{rel}","templated":true}]}}