{"id":4753,"date":"2017-03-16T22:59:09","date_gmt":"2017-03-16T21:59:09","guid":{"rendered":"http:\/\/tunipellets.com\/new\/?page_id=4753"},"modified":"2019-02-19T14:57:51","modified_gmt":"2019-02-19T13:57:51","slug":"about-us-2","status":"publish","type":"page","link":"https:\/\/tunipellets.com\/it\/about-us-2\/","title":{"rendered":"CHI SIAMO NOI"},"content":{"rendered":"<div class=\"wpb-content-wrapper\"><p>[vc_row css=&#8221;.vc_custom_1451299456681{padding-top: 100px !important;}&#8221;][vc_column width=&#8221;5\/12&#8243;][vc_single_image image=&#8221;4559&#8243; img_size=&#8221;full&#8221; alignment=&#8221;center&#8221; css_animation=&#8221;left-to-right&#8221; css=&#8221;.vc_custom_1487969108384{margin-bottom: 0px !important;}&#8221;][\/vc_column][vc_column width=&#8221;7\/12&#8243;][vc_custom_heading text=&#8221;Chi siamo ? &#8221; font_container=&#8221;tag:h2|text_align:left|color:%23515151&#8243; google_fonts=&#8221;font_family:Cinzel%3Aregular%2C700%2C900|font_style:700%20bold%20regular%3A700%3Anormal&#8221;][vc_column_text]Tunipellets SA \u00e8 una societ\u00e0 tunisina fondata nel 2013 che opera nel settore delle energie rinnovabili. La sua attivit\u00e0 consiste nel trasformare la biomassa forestale in granuli di qualit\u00e0 superiore per le caldaie, le stufe per il riscaldamento domestico e le centrali elettriche.<\/p>\n<p>Tunipellets \u00e8 diventata il primo produttore certificato in granuli di legno EN PLUS A1 e DINplus non solo in Tunisia ma anche in Africa con una capacit\u00e0 di produzione pari a 24000 tonnellate\/anno.[\/vc_column_text][\/vc_column][\/vc_row][vc_row full_width=&#8221;stretch_row&#8221; css=&#8221;.vc_custom_1487160067957{padding-top: 100px !important;background-color: #eaedf5 !important;}&#8221;][vc_column width=&#8221;1\/2&#8243;][vc_custom_heading text=&#8221;Localizzazione&#8221; font_container=&#8221;tag:h2|text_align:left|color:%23515151&#8243; google_fonts=&#8221;font_family:Cinzel%3Aregular%2C700%2C900|font_style:700%20bold%20regular%3A700%3Anormal&#8221;][vc_column_text]La fabbrica si trova a Zaghouan, a 50 chilometri dal Porto di Rades in Tunisia.<\/p>\n<p>\u00c8 una posizione strategica che consente una migliore spedizione della merce dal porto di Rades verso gli altri porti europei in 3 giorni (+1\/2 giornata fino al vostro punto vendita).<\/p>\n<p>La sua posizione, le permette anche un approvvigionamento migliore delle materie prime dalle foreste del centro e del nord-est della Tunisia.[\/vc_column_text][\/vc_column][vc_column width=&#8221;1\/2&#8243;][vc_single_image image=&#8221;4560&#8243; img_size=&#8221;full&#8221; alignment=&#8221;center&#8221; css_animation=&#8221;left-to-right&#8221; css=&#8221;.vc_custom_1487969430592{margin-bottom: 0px !important;}&#8221;][\/vc_column][\/vc_row][vc_row full_width=&#8221;stretch_row&#8221; css=&#8221;.vc_custom_1487159122209{padding-top: 50px !important;padding-bottom: 40px !important;}&#8221;][vc_column width=&#8221;1\/2&#8243; el_class=&#8221;text-left&#8221; css=&#8221;.vc_custom_1451967642365{margin-bottom: 60px !important;}&#8221;][vc_single_image image=&#8221;4562&#8243; img_size=&#8221;full&#8221; alignment=&#8221;center&#8221; css_animation=&#8221;left-to-right&#8221; css=&#8221;.vc_custom_1487971394057{margin-bottom: 0px !important;}&#8221;][\/vc_column][vc_column width=&#8221;1\/2&#8243;][vc_custom_heading text=&#8221;STORIA TUNIPELLETS&#8221; font_container=&#8221;tag:h2|text_align:left|color:%23515151&#8243; google_fonts=&#8221;font_family:Cinzel%3Aregular%2C700%2C900|font_style:700%20bold%20regular%3A700%3Anormal&#8221;][vc_column_text]Dalla sua creazione nel 2013, Tunipellets evolve continuamente in termini di produttivit\u00e0 e di qualit\u00e0 di servizi. Per questi motivi, essa \u00e8 diventata leader del mercato meridionale italiano.[\/vc_column_text][vc_custom_heading text=&#8221;2013: Creazione della societ\u00e0&#8221; font_container=&#8221;tag:h4|text_align:left|color:%230c0c0c&#8221; google_fonts=&#8221;font_family:Hind%3A300%2Cregular%2C500%2C600%2C700|font_style:600%20bold%20regular%3A600%3Anormal&#8221;][vc_column_text]Con l&#8217;intento d&#8217;investire nel campo delle energie rinnovabili, giovani imprenditori hanno cercato di valorizzare la biomassa per il riscaldamento e la produzione dell&#8217;energia; e da questa idea hanno creato la Tunipeletts.[\/vc_column_text][vc_custom_heading text=&#8221;Dicembre 2014: Entrata di produzione&#8221; font_container=&#8221;tag:h4|text_align:left|color:%230c0c0c&#8221; google_fonts=&#8221;font_family:Hind%3A300%2Cregular%2C500%2C600%2C700|font_style:600%20bold%20regular%3A600%3Anormal&#8221;][vc_column_text]Dopo aver installato le macchine e realizzato i primi campioni, l&#8217;entrata in produzione \u00e8 cominciata in dicembre 2014.[\/vc_column_text][vc_custom_heading text=&#8221;Gennaio 2015: prima esportazione&#8221; font_container=&#8221;tag:h4|text_align:left|color:%230a0a0a&#8221; google_fonts=&#8221;font_family:Hind%3A300%2Cregular%2C500%2C600%2C700|font_style:600%20bold%20regular%3A600%3Anormal&#8221;][vc_column_text]La prima esportazione \u00e8 stata compiuta un mese solo dopo l\u2019entrata in produzione.[\/vc_column_text][vc_custom_heading text=&#8221;Gennaio 2016: primo aumento di produzione&#8221; font_container=&#8221;tag:h4|text_align:left|color:%230a0a0a&#8221; google_fonts=&#8221;font_family:Hind%3A300%2Cregular%2C500%2C600%2C700|font_style:600%20bold%20regular%3A600%3Anormal&#8221;][vc_column_text]La produzione ha raggiunto il suo massimo (600t\/mese).[\/vc_column_text][vc_custom_heading text=&#8221;Gennaio 2016: Certificazione ENplus A1&#8243; font_container=&#8221;tag:h4|text_align:left|color:%230c0c0c&#8221; google_fonts=&#8221;font_family:Hind%3A300%2Cregular%2C500%2C600%2C700|font_style:600%20bold%20regular%3A600%3Anormal&#8221;][vc_column_text]Tramite l\u2019organizzazione austriaca BEA, Tunipeletts ha ottenuto la certificazione ENplus A1 il cui label \u00e8 TN001.[\/vc_column_text][vc_custom_heading text=&#8221;Marzo 2016: Certificazione DINplus&#8221; font_container=&#8221;tag:h4|text_align:left|color:%23141414&#8243; google_fonts=&#8221;font_family:Hind%3A300%2Cregular%2C500%2C600%2C700|font_style:600%20bold%20regular%3A600%3Anormal&#8221;][vc_column_text]Tramite l\u2019organizzazione tedesca DINCERTO, Tunipellets ha anche ottenuto la certificazione tedesca DINplus il cui label \u00e8 7A284[\/vc_column_text][vc_custom_heading text=&#8221;Gennaio 2017:seconda aumento di produzione&#8221; font_container=&#8221;tag:h4|text_align:left|color:%23141414&#8243; google_fonts=&#8221;font_family:Hind%3A300%2Cregular%2C500%2C600%2C700|font_style:600%20bold%20regular%3A600%3Anormal&#8221;][vc_column_text]Dopo tanti miglioramenti e ottimizzazioni, la capacit\u00e0 di produzione ha raggiunto 1000t\/mese.[\/vc_column_text][\/vc_column][\/vc_row]<\/p>\n<\/div>","protected":false},"excerpt":{"rendered":"<p>[vc_row css=&#8221;.vc_custom_1451299456681{padding-top: 100px !important;}&#8221;][vc_column width=&#8221;5\/12&#8243;][vc_single_image image=&#8221;4559&#8243; img_size=&#8221;full&#8221; alignment=&#8221;center&#8221; css_animation=&#8221;left-to-right&#8221; css=&#8221;.vc_custom_1487969108384{margin-bottom: 0px !important;}&#8221;][\/vc_column][vc_column width=&#8221;7\/12&#8243;][vc_custom_heading text=&#8221;Chi siamo ? &#8221; font_container=&#8221;tag:h2|text_align:left|color:%23515151&#8243; google_fonts=&#8221;font_family:Cinzel%3Aregular%2C700%2C900|font_style:700%20bold%20regular%3A700%3Anormal&#8221;][vc_column_text]Tunipellets SA \u00e8 una societ\u00e0 tunisina fondata nel 2013 che opera nel settore delle energie rinnovabili. La sua attivit\u00e0 consiste nel trasformare la biomassa forestale in granuli di qualit\u00e0 superiore per le caldaie, le stufe per il [&hellip;]<\/p>\n","protected":false},"author":1,"featured_media":0,"parent":0,"menu_order":0,"comment_status":"closed","ping_status":"closed","template":"","meta":{"footnotes":""},"class_list":["post-4753","page","type-page","status-publish","hentry"],"featured_image_src":"","featured_image_src_square":"","_links":{"self":[{"href":"https:\/\/tunipellets.com\/it\/wp-json\/wp\/v2\/pages\/4753","targetHints":{"allow":["GET"]}}],"collection":[{"href":"https:\/\/tunipellets.com\/it\/wp-json\/wp\/v2\/pages"}],"about":[{"href":"https:\/\/tunipellets.com\/it\/wp-json\/wp\/v2\/types\/page"}],"author":[{"embeddable":true,"href":"https:\/\/tunipellets.com\/it\/wp-json\/wp\/v2\/users\/1"}],"replies":[{"embeddable":true,"href":"https:\/\/tunipellets.com\/it\/wp-json\/wp\/v2\/comments?post=4753"}],"version-history":[{"count":7,"href":"https:\/\/tunipellets.com\/it\/wp-json\/wp\/v2\/pages\/4753\/revisions"}],"predecessor-version":[{"id":5398,"href":"https:\/\/tunipellets.com\/it\/wp-json\/wp\/v2\/pages\/4753\/revisions\/5398"}],"wp:attachment":[{"href":"https:\/\/tunipellets.com\/it\/wp-json\/wp\/v2\/media?parent=4753"}],"curies":[{"name":"wp","href":"https:\/\/api.w.org\/{rel}","templated":true}]}}