{"id":4682,"date":"2017-02-28T23:06:57","date_gmt":"2017-02-28T22:06:57","guid":{"rendered":"http:\/\/tunipellets.com\/?page_id=4682"},"modified":"2017-11-20T11:48:34","modified_gmt":"2017-11-20T10:48:34","slug":"poultry-litter","status":"publish","type":"page","link":"https:\/\/tunipellets.com\/it\/poultry-litter\/","title":{"rendered":"LETTIERA PER POLLAME"},"content":{"rendered":"<div class=\"wpb-content-wrapper\"><p>[vc_row][vc_column][vc_empty_space][\/vc_column][\/vc_row][vc_row][vc_column width=&#8221;1\/2&#8243;][vc_single_image image=&#8221;4815&#8243; img_size=&#8221;full&#8221; alignment=&#8221;center&#8221;][\/vc_column][vc_column width=&#8221;1\/2&#8243;][vc_custom_heading text=&#8221;LETTIERA PER POLLAME &#8221; google_fonts=&#8221;font_family:Cinzel%3Aregular%2C700%2C900|font_style:700%20bold%20regular%3A700%3Anormal&#8221;][vc_column_text]I granuli di legno possono essere utilizzati anche come lettiera di pollame.<\/p>\n<p>&nbsp;<\/p>\n<p><strong>Vantaggi <\/strong><\/p>\n<p>Nessun rischio di polvere durante lo stoccaggio e l\u2019uso.<\/p>\n<p>Tenore in polvere &lt;1% alla rinfusa.\u00a0 Nessun rischio di problema respiratorio per il pollame.<\/p>\n<p>Capacit\u00e0 di assorbimento ultra &#8211; assorbente fino a 40% \u00a0in peso e il doppio della segatura del legno secco.<\/p>\n<p>&nbsp;<\/p>\n<p>Umidit\u00e0 &lt;10%<\/p>\n<p>Igiene: ritiene gli odori di ammoniaco<\/p>\n<p>Una durata di vita a lunga portata<\/p>\n<p>&nbsp;<\/p>\n<p><strong>La sterilizzazione <\/strong><\/p>\n<p>Un procedimento di sterilizzazione efficace<\/p>\n<p>Durante la produzione, la temperatura oltrepassa 65\u00b0 C e ci\u00f2 consente una sterilizzazione efficace e insipidezza dei granuli di legno. Anzi, questi ultimi sono esenti di muffa, di germi e di batteri.<\/p>\n<p>IL nostro prodotto non \u00e8 sottomesso a nessun trattamento particolare e non contiene alcun prodotto chimico.<\/p>\n<p>Densit\u00e0: la densit\u00e0 in segatura di legno \u00e8 del 150kg\/m3 mentre quella dei granuli di legno \u00e8 del 650kg\/m3. Lo spazio dello stoccaggio \u00e8 4 volte meno grande rispetto a quello della segatura di legno.<\/p>\n<p><strong>Composizione:<\/strong><\/p>\n<p>100% trucioli di legno di conifere e senza additivi.[\/vc_column_text][\/vc_column][\/vc_row][vc_row][vc_column][vc_custom_heading text=&#8221;Vedi altro&#8221; google_fonts=&#8221;font_family:Cinzel%3Aregular%2C700%2C900|font_style:700%20bold%20regular%3A700%3Anormal&#8221;][\/vc_column][\/vc_row][vc_row][vc_column width=&#8221;1\/4&#8243;][vc_single_image image=&#8221;4846&#8243; alignment=&#8221;center&#8221;][vc_custom_heading text=&#8221;GRANULI DI LEGNO A1&#8243; font_container=&#8221;tag:h2|text_align:center&#8221; google_fonts=&#8221;font_family:Open%20Sans%3A300%2C300italic%2Cregular%2Citalic%2C600%2C600italic%2C700%2C700italic%2C800%2C800italic|font_style:400%20regular%3A400%3Anormal&#8221; link=&#8221;url:http%3A%2F%2Ftunipellets.com%2Fnew%2Fwood-pellets-a1%2F|||&#8221;][\/vc_column][vc_column width=&#8221;1\/4&#8243;][vc_single_image image=&#8221;4812&#8243; alignment=&#8221;center&#8221;][vc_custom_heading text=&#8221;GRANULI DI LEGNO A2&#8243; font_container=&#8221;tag:h2|text_align:center&#8221; google_fonts=&#8221;font_family:Open%20Sans%3A300%2C300italic%2Cregular%2Citalic%2C600%2C600italic%2C700%2C700italic%2C800%2C800italic|font_style:400%20regular%3A400%3Anormal&#8221; link=&#8221;url:http%3A%2F%2Ftunipellets.com%2Fwood-pellets-a2%2F|||&#8221;][\/vc_column][vc_column width=&#8221;1\/4&#8243;][vc_single_image image=&#8221;4810&#8243; alignment=&#8221;center&#8221;][vc_custom_heading text=&#8221;IL COMPOST&#8221; font_container=&#8221;tag:h2|text_align:center&#8221; google_fonts=&#8221;font_family:Open%20Sans%3A300%2C300italic%2Cregular%2Citalic%2C600%2C600italic%2C700%2C700italic%2C800%2C800italic|font_style:400%20regular%3A400%3Anormal&#8221; link=&#8221;url:http%3A%2F%2Ftunipellets.com%2Fnew%2Fcompost%2F|||&#8221;][\/vc_column][vc_column width=&#8221;1\/4&#8243;][vc_single_image image=&#8221;4813&#8243; alignment=&#8221;center&#8221;][vc_custom_heading text=&#8221;LETTIERA PER CAVALLI&#8221; font_container=&#8221;tag:h2|text_align:center&#8221; google_fonts=&#8221;font_family:Open%20Sans%3A300%2C300italic%2Cregular%2Citalic%2C600%2C600italic%2C700%2C700italic%2C800%2C800italic|font_style:400%20regular%3A400%3Anormal&#8221; link=&#8221;url:http%3A%2F%2Ftunipellets.com%2Fnew%2Fwood-pellet-horse-bedding%2F|||&#8221;][\/vc_column][\/vc_row]<\/p>\n<\/div>","protected":false},"excerpt":{"rendered":"<p>[vc_row][vc_column][vc_empty_space][\/vc_column][\/vc_row][vc_row][vc_column width=&#8221;1\/2&#8243;][vc_single_image image=&#8221;4815&#8243; img_size=&#8221;full&#8221; alignment=&#8221;center&#8221;][\/vc_column][vc_column width=&#8221;1\/2&#8243;][vc_custom_heading text=&#8221;LETTIERA PER POLLAME &#8221; google_fonts=&#8221;font_family:Cinzel%3Aregular%2C700%2C900|font_style:700%20bold%20regular%3A700%3Anormal&#8221;][vc_column_text]I granuli di legno possono essere utilizzati anche come lettiera di pollame. &nbsp; Vantaggi Nessun rischio di polvere durante lo stoccaggio e l\u2019uso. Tenore in polvere &lt;1% alla rinfusa.\u00a0 Nessun rischio di problema respiratorio per il pollame. Capacit\u00e0 di assorbimento ultra &#8211; assorbente fino a [&hellip;]<\/p>\n","protected":false},"author":1,"featured_media":0,"parent":0,"menu_order":0,"comment_status":"closed","ping_status":"closed","template":"","meta":{"footnotes":""},"class_list":["post-4682","page","type-page","status-publish","hentry"],"featured_image_src":"","featured_image_src_square":"","_links":{"self":[{"href":"https:\/\/tunipellets.com\/it\/wp-json\/wp\/v2\/pages\/4682","targetHints":{"allow":["GET"]}}],"collection":[{"href":"https:\/\/tunipellets.com\/it\/wp-json\/wp\/v2\/pages"}],"about":[{"href":"https:\/\/tunipellets.com\/it\/wp-json\/wp\/v2\/types\/page"}],"author":[{"embeddable":true,"href":"https:\/\/tunipellets.com\/it\/wp-json\/wp\/v2\/users\/1"}],"replies":[{"embeddable":true,"href":"https:\/\/tunipellets.com\/it\/wp-json\/wp\/v2\/comments?post=4682"}],"version-history":[{"count":14,"href":"https:\/\/tunipellets.com\/it\/wp-json\/wp\/v2\/pages\/4682\/revisions"}],"predecessor-version":[{"id":5425,"href":"https:\/\/tunipellets.com\/it\/wp-json\/wp\/v2\/pages\/4682\/revisions\/5425"}],"wp:attachment":[{"href":"https:\/\/tunipellets.com\/it\/wp-json\/wp\/v2\/media?parent=4682"}],"curies":[{"name":"wp","href":"https:\/\/api.w.org\/{rel}","templated":true}]}}