{"id":4396,"date":"2017-02-15T22:24:35","date_gmt":"2017-02-15T21:24:35","guid":{"rendered":"http:\/\/tunipellets.com\/?page_id=4396"},"modified":"2017-11-20T11:48:23","modified_gmt":"2017-11-20T10:48:23","slug":"wood-pellet-horse-bedding","status":"publish","type":"page","link":"https:\/\/tunipellets.com\/it\/wood-pellet-horse-bedding\/","title":{"rendered":"LETTIERA PER CAVALLI"},"content":{"rendered":"<div class=\"wpb-content-wrapper\"><p>[vc_row][vc_column width=&#8221;1\/2&#8243;][vc_single_image image=&#8221;4813&#8243; img_size=&#8221;full&#8221; alignment=&#8221;center&#8221;][vc_video link=&#8221;https:\/\/www.youtube.com\/watch?v=W-sHCT5RRIA&#8221;][\/vc_column][vc_column width=&#8221;1\/2&#8243;][vc_custom_heading text=&#8221;LETTIERA PER CAVALLI&#8221; google_fonts=&#8221;font_family:Cinzel%3Aregular%2C700%2C900|font_style:700%20bold%20regular%3A700%3Anormal&#8221;][vc_column_text]I pellets possono essere anche usati come lettiera per cavalli.<\/p>\n<p>L\u2019uso dei granuli di legno \u00e8 del tutto vantaggioso:<\/p>\n<ul>\n<li>Lo stoccaggio e la manipolazione sono facili<\/li>\n<li>\u00c8 pi\u00f9 igienico giacch\u00e9 i nostri granuli assorbono l\u2019odore dell\u2019ammoniaco presente nell\u2019urina. Inoltre, grazie all\u2019aspetto chiaro dei granuli i box sembrano sempre ben puliti.<\/li>\n<li>Pi\u00f9 confortevole per i cavalli poich\u00e9 minimizza i problemi di salute (digestivi e respiratori), un materasso sano che attutisce gli urti e preserva le articolazioni dei vostri cavalli.<\/li>\n<li>Non incolla agli zoccoli e pochissimo allo strato e alla criniera degli animali. Inoltre, la lettiera granuli di legno si spezzano facilmente sotto gli zoccoli dei cavalli.<\/li>\n<li>Pi\u00f9 economica e biodegradabile, questa lettiera vi permetter\u00e0 di ridurre i costi e l\u2019impegno di lavoro rispetto alla lettiera tradizionale come la paglia, il lino o le schegge di legno o la segatura.<\/li>\n<li>60% meno di letame.<\/li>\n<\/ul>\n<p>[\/vc_column_text][\/vc_column][\/vc_row][vc_row][vc_column][vc_custom_heading text=&#8221;Vedi altro&#8221; google_fonts=&#8221;font_family:Cinzel%3Aregular%2C700%2C900|font_style:700%20bold%20regular%3A700%3Anormal&#8221;][\/vc_column][\/vc_row][vc_row][vc_column width=&#8221;1\/4&#8243;][vc_single_image image=&#8221;4810&#8243; alignment=&#8221;center&#8221;][vc_custom_heading text=&#8221;IL COMPOST &#8221; font_container=&#8221;tag:h2|text_align:center&#8221; google_fonts=&#8221;font_family:Open%20Sans%3A300%2C300italic%2Cregular%2Citalic%2C600%2C600italic%2C700%2C700italic%2C800%2C800italic|font_style:400%20regular%3A400%3Anormal&#8221; link=&#8221;url:http%3A%2F%2Ftunipellets.com%2Fcompost%2F|||&#8221;][\/vc_column][vc_column width=&#8221;1\/4&#8243;][vc_single_image image=&#8221;5017&#8243; alignment=&#8221;center&#8221;][vc_custom_heading text=&#8221;LETTIERA PER POLLAME &#8221; font_container=&#8221;tag:h2|text_align:center&#8221; google_fonts=&#8221;font_family:Open%20Sans%3A300%2C300italic%2Cregular%2Citalic%2C600%2C600italic%2C700%2C700italic%2C800%2C800italic|font_style:400%20regular%3A400%3Anormal&#8221; link=&#8221;url:http%3A%2F%2Ftunipellets.com%2Fpoultry-litter%2F|||&#8221;][\/vc_column][vc_column width=&#8221;1\/4&#8243;][\/vc_column][vc_column width=&#8221;1\/4&#8243;][\/vc_column][\/vc_row]<\/p>\n<\/div>","protected":false},"excerpt":{"rendered":"<p>[vc_row][vc_column width=&#8221;1\/2&#8243;][vc_single_image image=&#8221;4813&#8243; img_size=&#8221;full&#8221; alignment=&#8221;center&#8221;][vc_video link=&#8221;https:\/\/www.youtube.com\/watch?v=W-sHCT5RRIA&#8221;][\/vc_column][vc_column width=&#8221;1\/2&#8243;][vc_custom_heading text=&#8221;LETTIERA PER CAVALLI&#8221; google_fonts=&#8221;font_family:Cinzel%3Aregular%2C700%2C900|font_style:700%20bold%20regular%3A700%3Anormal&#8221;][vc_column_text]I pellets possono essere anche usati come lettiera per cavalli. L\u2019uso dei granuli di legno \u00e8 del tutto vantaggioso: Lo stoccaggio e la manipolazione sono facili \u00c8 pi\u00f9 igienico giacch\u00e9 i nostri granuli assorbono l\u2019odore dell\u2019ammoniaco presente nell\u2019urina. Inoltre, grazie all\u2019aspetto chiaro dei granuli i [&hellip;]<\/p>\n","protected":false},"author":1,"featured_media":0,"parent":0,"menu_order":0,"comment_status":"closed","ping_status":"closed","template":"","meta":{"footnotes":""},"class_list":["post-4396","page","type-page","status-publish","hentry"],"featured_image_src":"","featured_image_src_square":"","_links":{"self":[{"href":"https:\/\/tunipellets.com\/it\/wp-json\/wp\/v2\/pages\/4396","targetHints":{"allow":["GET"]}}],"collection":[{"href":"https:\/\/tunipellets.com\/it\/wp-json\/wp\/v2\/pages"}],"about":[{"href":"https:\/\/tunipellets.com\/it\/wp-json\/wp\/v2\/types\/page"}],"author":[{"embeddable":true,"href":"https:\/\/tunipellets.com\/it\/wp-json\/wp\/v2\/users\/1"}],"replies":[{"embeddable":true,"href":"https:\/\/tunipellets.com\/it\/wp-json\/wp\/v2\/comments?post=4396"}],"version-history":[{"count":17,"href":"https:\/\/tunipellets.com\/it\/wp-json\/wp\/v2\/pages\/4396\/revisions"}],"predecessor-version":[{"id":5426,"href":"https:\/\/tunipellets.com\/it\/wp-json\/wp\/v2\/pages\/4396\/revisions\/5426"}],"wp:attachment":[{"href":"https:\/\/tunipellets.com\/it\/wp-json\/wp\/v2\/media?parent=4396"}],"curies":[{"name":"wp","href":"https:\/\/api.w.org\/{rel}","templated":true}]}}