{"id":3140,"date":"2017-01-13T12:13:34","date_gmt":"2017-01-13T11:13:34","guid":{"rendered":"http:\/\/tunipellets.com\/?page_id=3140"},"modified":"2019-02-19T15:08:22","modified_gmt":"2019-02-19T14:08:22","slug":"valeurs-et-vision-2","status":"publish","type":"page","link":"https:\/\/tunipellets.com\/it\/valeurs-et-vision-2\/","title":{"rendered":"VISIONE E VALORI"},"content":{"rendered":"<div class=\"wpb-content-wrapper\"><p>[vc_row][vc_column width=&#8221;1\/2&#8243;][vc_single_image image=&#8221;4566&#8243; img_size=&#8221;full&#8221; alignment=&#8221;center&#8221;][\/vc_column][vc_column width=&#8221;1\/2&#8243;][vc_empty_space][vc_custom_heading text=&#8221;VISIONE&#8221; font_container=&#8221;tag:h1|font_size:32|text_align:left|color:%23515151&#8243; google_fonts=&#8221;font_family:Cinzel%3Aregular%2C700%2C900|font_style:700%20bold%20regular%3A700%3Anormal&#8221;][vc_column_text]Tunipellets cerca di fornire del calore per chi ne ha bisogno senza costringerli a usare combustibili fossili che danneggiano la natura.<\/p>\n<p>Essendo un\u2019energia verde rinnovabile, lo sfruttamento della biomassa, tramite un processo di fabbricazione sano, incoraggia gli sforzi mondiali verso un mondo verde per noi e per i nostri bambini.[\/vc_column_text][\/vc_column][\/vc_row][vc_row][vc_column width=&#8221;1\/2&#8243;][vc_custom_heading text=&#8221;VALORI&#8221; font_container=&#8221;tag:h2|font_size:32|text_align:left|color:%23515151&#8243; google_fonts=&#8221;font_family:Cinzel%3Aregular%2C700%2C900|font_style:700%20bold%20regular%3A700%3Anormal&#8221;][vc_tta_accordion][vc_tta_section title=&#8221;Orientazione verso il futuro e verso la redditivit\u00e0&#8221; tab_id=&#8221;1485180504483-7de3cacf-8e50&#8243;][vc_column_text]Partecipiamo attivamente alle valutazioni del mercato e delle tecniche per garantire alla nostra impresa uno sviluppo dinamico e un successo a lungo termine.<\/p>\n<p>Proponiamo cos\u00ec ai nostri clienti delle soluzioni innovative e ai nostri collaboratori degli impieghi attuativi. Decidiamo e agiamo per rendere redditizi i nostri investimenti, fonte di crescita e d\u2019indipendenza finanziaria.[\/vc_column_text][\/vc_tta_section][vc_tta_section title=&#8221;Senso di responsabilit\u00e0&#8221; tab_id=&#8221;1485180504623-fe7e4b97-12bb&#8221;][vc_column_text]Siamo consapevoli\u00a0 che la nostra azienda deve agire in conformit\u00e0 con gli interessi della societ\u00e0. I nostri prodotti e servizi sono in primo luogo al servizio della sicurezza delle persone,\u00a0 l&#8217;uso efficiente delle risorse e\u00a0 la tutela dell&#8217;ambiente.[\/vc_column_text][\/vc_tta_section][vc_tta_section title=&#8221;Iniziativa e coerenza&#8221; tab_id=&#8221;1487003016448-bf2b0e4a-d303&#8243;][vc_column_text]Prendiamo iniziative, agiamo con spirito imprenditoriale e responsabile.<br \/>\nNoi siamo coerenti nel nostro approccio al realizzazione dei nostri obiettivi.[\/vc_column_text][\/vc_tta_section][vc_tta_section title=&#8221;Affidabilit\u00e0, credibilit\u00e0 e legalit\u00e0&#8221; tab_id=&#8221;1487003042621-5827533f-889d&#8221;][vc_column_text]Promettiamo solo ci\u00f2 che possiamo mantenere. Consideriamo le nostre promesse come le obbligazioni e rispettiamo la legge e la legislazione.[\/vc_column_text][\/vc_tta_section][vc_tta_section title=&#8221;Fedelt\u00e0&#8221; tab_id=&#8221;1487003038283-9dff6ba1-4398&#8243;][vc_column_text]Riteniamo che la fedelt\u00e0 \u00e9 condizione del nostro successo quando negoziamo con i nostri partner commerciali, i nostri dipendenti ei nostri colleghi &#8230;[\/vc_column_text][\/vc_tta_section][vc_tta_section title=&#8221;L&#8217;apertura e la fiducia&#8221; tab_id=&#8221;1487003032900-89db4bf2-5001&#8243;][vc_column_text]Informiamo i nostri dipendenti, partner commerciali e gli investitori in modo appropriato e aperto a importanti sviluppi nella societ\u00e0. Creiamo le basi per una cooperazione basata[\/vc_column_text][\/vc_tta_section][\/vc_tta_accordion][\/vc_column][vc_column width=&#8221;1\/2&#8243;][vc_empty_space height=&#8221;64px&#8221;][vc_single_image image=&#8221;4569&#8243; img_size=&#8221;full&#8221; alignment=&#8221;center&#8221;][\/vc_column][\/vc_row]<\/p>\n<\/div>","protected":false},"excerpt":{"rendered":"<p>[vc_row][vc_column width=&#8221;1\/2&#8243;][vc_single_image image=&#8221;4566&#8243; img_size=&#8221;full&#8221; alignment=&#8221;center&#8221;][\/vc_column][vc_column width=&#8221;1\/2&#8243;][vc_empty_space][vc_custom_heading text=&#8221;VISIONE&#8221; font_container=&#8221;tag:h1|font_size:32|text_align:left|color:%23515151&#8243; google_fonts=&#8221;font_family:Cinzel%3Aregular%2C700%2C900|font_style:700%20bold%20regular%3A700%3Anormal&#8221;][vc_column_text]Tunipellets cerca di fornire del calore per chi ne ha bisogno senza costringerli a usare combustibili fossili che danneggiano la natura. Essendo un\u2019energia verde rinnovabile, lo sfruttamento della biomassa, tramite un processo di fabbricazione sano, incoraggia gli sforzi mondiali verso un mondo verde per noi e per [&hellip;]<\/p>\n","protected":false},"author":1,"featured_media":0,"parent":0,"menu_order":0,"comment_status":"closed","ping_status":"closed","template":"","meta":{"footnotes":""},"class_list":["post-3140","page","type-page","status-publish","hentry"],"featured_image_src":"","featured_image_src_square":"","_links":{"self":[{"href":"https:\/\/tunipellets.com\/it\/wp-json\/wp\/v2\/pages\/3140","targetHints":{"allow":["GET"]}}],"collection":[{"href":"https:\/\/tunipellets.com\/it\/wp-json\/wp\/v2\/pages"}],"about":[{"href":"https:\/\/tunipellets.com\/it\/wp-json\/wp\/v2\/types\/page"}],"author":[{"embeddable":true,"href":"https:\/\/tunipellets.com\/it\/wp-json\/wp\/v2\/users\/1"}],"replies":[{"embeddable":true,"href":"https:\/\/tunipellets.com\/it\/wp-json\/wp\/v2\/comments?post=3140"}],"version-history":[{"count":7,"href":"https:\/\/tunipellets.com\/it\/wp-json\/wp\/v2\/pages\/3140\/revisions"}],"predecessor-version":[{"id":5589,"href":"https:\/\/tunipellets.com\/it\/wp-json\/wp\/v2\/pages\/3140\/revisions\/5589"}],"wp:attachment":[{"href":"https:\/\/tunipellets.com\/it\/wp-json\/wp\/v2\/media?parent=3140"}],"curies":[{"name":"wp","href":"https:\/\/api.w.org\/{rel}","templated":true}]}}