{"id":3136,"date":"2017-01-13T12:09:58","date_gmt":"2017-01-13T11:09:58","guid":{"rendered":"http:\/\/tunipellets.com\/?page_id=3136"},"modified":"2023-04-16T02:15:24","modified_gmt":"2023-04-16T00:15:24","slug":"certifications","status":"publish","type":"page","link":"https:\/\/tunipellets.com\/it\/certificazionie\/","title":{"rendered":"CERTIFICAZIONIE"},"content":{"rendered":"<div class=\"wpb-content-wrapper\"><p>[vc_row css=&#8221;.vc_custom_1453217339571{padding-top: 50px !important;padding-bottom: 50px !important;}&#8221;][vc_column width=&#8221;1\/6&#8243;][vc_empty_space height=&#8221;64px&#8221;][vc_single_image image=&#8221;5989&#8243; img_size=&#8221;medium&#8221; alignment=&#8221;center&#8221;][vc_single_image image=&#8221;5991&#8243; img_size=&#8221;medium&#8221; alignment=&#8221;center&#8221;][\/vc_column][vc_column width=&#8221;5\/6&#8243;][vc_custom_heading text=&#8221;CERTIFICATI&#8221; font_container=&#8221;tag:h2|font_size:36|text_align:left|color:%23515151|line_height:1.2&#8243; google_fonts=&#8221;font_family:Cinzel%3Aregular%2C700%2C900|font_style:700%20bold%20regular%3A700%3Anormal&#8221;][vc_column_text]I pellet di legno certificati soddisfano requisiti molto severi in termini di qualit\u00e0 relativi a materie prime, caratteristiche fisiche e valori chimivi e calorici.<\/p>\n<p>Sono stati prodotti secondo un processo affidabile convalidato da organismi indipenditi. Questo approccio fornisce agli utenti una garanzia sulla sua qualit\u00e0. Per questo motivo la maggior parte dei manuali d\u2019uso di caldaie e stufe richiedono l\u2019utilizzo di pellet certificato.<\/p>\n<p>Tunipellets \u00e8 certificata Enplus classe A1 da Marzo 2023 (numero di identificazione TN003)<br \/>\nTunipellets \u00e8 inoltre certificata DIN plus da Gennaio 2023 \u00a0(Label 7A284)[\/vc_column_text][vc_row_inner el_id=&#8221;download&#8221;][vc_column_inner width=&#8221;1\/4&#8243;][vc_btn title=&#8221;Download test results&#8221; style=&#8221;flat&#8221; color=&#8221;success&#8221; align=&#8221;left&#8221; i_icon_fontawesome=&#8221;fa fa-cloud-download&#8221; link=&#8221;url:https%3A%2F%2Ftunipellets.com%2Fwp-content%2Fuploads%2F2023%2F04%2F3-DOC-3-ENplus-test-results.pdf||target:%20_blank|&#8221; add_icon=&#8221;true&#8221;][\/vc_column_inner][vc_column_inner width=&#8221;1\/4&#8243;][vc_btn title=&#8221;Download conformity report&#8221; style=&#8221;flat&#8221; color=&#8221;success&#8221; align=&#8221;left&#8221; i_icon_fontawesome=&#8221;fa fa-cloud-download&#8221; link=&#8221;url:https%3A%2F%2Ftunipellets.com%2Fwp-content%2Fuploads%2F2023%2F04%2F6-DOC-6-ENplus-conformity-report_.pdf||target:%20_blank|&#8221; add_icon=&#8221;true&#8221;][\/vc_column_inner][vc_column_inner width=&#8221;1\/4&#8243;][vc_btn title=&#8221;Download EN+ certificate&#8221; style=&#8221;flat&#8221; color=&#8221;success&#8221; align=&#8221;left&#8221; i_icon_fontawesome=&#8221;fa fa-cloud-download&#8221; link=&#8221;url:https%3A%2F%2Ftunipellets.com%2Fwp-content%2Fuploads%2F2023%2F04%2F4-DOC-4-ENplus_Certificate_TN-003.pdf||target:%20_blank|&#8221; add_icon=&#8221;true&#8221;][\/vc_column_inner][vc_column_inner width=&#8221;1\/4&#8243;][vc_btn title=&#8221;Download DIN+ certificate&#8221; style=&#8221;flat&#8221; color=&#8221;success&#8221; align=&#8221;left&#8221; i_icon_fontawesome=&#8221;fa fa-cloud-download&#8221; link=&#8221;url:https%3A%2F%2Ftunipellets.com%2Fwp-content%2Fuploads%2F2023%2F04%2F5-DOC-5-DINplus7A284_certificate.pdf||target:%20_blank|&#8221; add_icon=&#8221;true&#8221;][\/vc_column_inner][\/vc_row_inner][vc_empty_space height=&#8221;60px&#8221;][\/vc_column][\/vc_row][vc_row][vc_column width=&#8221;1\/4&#8243;][vc_single_image image=&#8221;5977&#8243; img_size=&#8221; 200&#215;60&#8243; alignment=&#8221;center&#8221; onclick=&#8221;custom_link&#8221; img_link_target=&#8221;_blank&#8221; css_animation=&#8221;top-to-bottom&#8221; link=&#8221;https:\/\/bioenergyeurope.org\/&#8221;][\/vc_column][vc_column width=&#8221;1\/4&#8243;][vc_single_image image=&#8221;5043&#8243; img_size=&#8221;full&#8221; alignment=&#8221;center&#8221; onclick=&#8221;custom_link&#8221; img_link_target=&#8221;_blank&#8221; css_animation=&#8221;top-to-bottom&#8221; link=&#8221;https:\/\/www.dincertco.tuv.com\/search\/companies_with_product?locale=en&amp;title_id=175&#8243;][\/vc_column][vc_column width=&#8221;1\/4&#8243;][vc_single_image image=&#8221;5978&#8243; img_size=&#8221;full&#8221; alignment=&#8221;center&#8221; onclick=&#8221;custom_link&#8221; img_link_target=&#8221;_blank&#8221; css_animation=&#8221;top-to-bottom&#8221; link=&#8221;https:\/\/cucpublications.controlunion.com\/&#8221;][\/vc_column][vc_column width=&#8221;1\/4&#8243;][vc_single_image image=&#8221;5979&#8243; img_size=&#8221;full&#8221; alignment=&#8221;center&#8221; onclick=&#8221;custom_link&#8221; img_link_target=&#8221;_blank&#8221; css_animation=&#8221;top-to-bottom&#8221; link=&#8221;https:\/\/epc.bioenergyeurope.org\/about-us\/about-epc\/&#8221;][\/vc_column][\/vc_row][vc_row][vc_column width=&#8221;1\/2&#8243;][vc_custom_heading text=&#8221;ANALYSES LABORATOIRE&#8221; font_container=&#8221;tag:h2|font_size:36|text_align:left|color:%23515151|line_height:1.2&#8243; google_fonts=&#8221;font_family:Cinzel%3Aregular%2C700%2C900|font_style:700%20bold%20regular%3A700%3Anormal&#8221;][vc_column_text]Tout au long du processus industriel\u00a0 d\u00e8s la r\u00e9ception de la sciure jusqu\u2019\u00e0 l&#8217;exp\u00e9dition des granul\u00e9s de bois conditionn\u00e9s, des contr\u00f4les sont effectu\u00e9s afin de garantir une qualit\u00e9 optimale des granul\u00e9s de Tunipellets. Des \u00e9chantillons sont pr\u00e9lev\u00e9s et analys\u00e9s quotidiennement \u00e0 l&#8217;usine \u00e0 tous les stades de Production: tests en amont\u00a0 sur la mati\u00e8re premi\u00e8res ( dimensions et humidit\u00e9 ) , au cours de la production (humidit\u00e9 et granulom\u00e9trie) en aval (taux de cendre , taux de fine , durabilit\u00e9 m\u00e9canique , masse volumique , dimensions et humidit\u00e9 ) .<\/p>\n<p>Les crit\u00e8res ENplus \/ DINplus sont r\u00e9guli\u00e8rement contr\u00f4l\u00e9s par un laboratoire certifi\u00e9 et avec les technologies les plus avanc\u00e9es.<br \/>\nC&#8217;est gr\u00e2ce \u00e0 des contr\u00f4les fr\u00e9quents et assidus effectu\u00e9s dans notre laboratoire \u00e0 travers un personnel qualifi\u00e9 qu\u2019on assure que nos granules r\u00e9pondent \u00e0 tous les crit\u00e8res exig\u00e9s par les normes europ\u00e9ens[\/vc_column_text][\/vc_column][vc_column width=&#8221;1\/2&#8243;][vc_single_image image=&#8221;4772&#8243; img_size=&#8221;full&#8221; alignment=&#8221;center&#8221;][\/vc_column][\/vc_row][vc_row][vc_column][vc_column_text]<div class=\"carousel-slider-outer carousel-slider-outer-image-carousel carousel-slider-outer-4589\" style=\"--carousel-slider-nav-color:#0c0c0c;--carousel-slider-active-nav-color:#4caf50;--carousel-slider-arrow-size:48px;--carousel-slider-bullet-size:10px\">\n<div id=\"&#039;id-4589\" class=\"carousel-slider carousel-slider-4589 arrows-visibility-hover dots-visibility-always arrows-outside dots-center dots-circle owl-carousel\" data-slide-type=\"image-carousel\" data-owl-settings='{\"nav\":true,\"dots\":true,\"slideBy\":1,\"stagePadding\":0,\"margin\":10,\"loop\":true,\"lazyLoad\":false,\"autoplay\":true,\"autoplayTimeout\":5000,\"autoplaySpeed\":500,\"autoplayHoverPause\":false,\"autoWidth\":false,\"responsive\":{\"300\":{\"items\":1},\"576\":{\"items\":2},\"768\":{\"items\":2},\"1024\":{\"items\":3},\"1280\":{\"items\":4},\"1536\":{\"items\":5}}}'>\n<div class=\"carousel-slider__item\">\n\t<img loading=\"lazy\" decoding=\"async\" width=\"150\" height=\"150\" src=\"https:\/\/tunipellets.com\/wp-content\/uploads\/2017\/04\/img1-1-150x150.png\" class=\"attachment-thumbnail size-thumbnail\" alt=\"\" srcset=\"https:\/\/tunipellets.com\/wp-content\/uploads\/2017\/04\/img1-1-150x150.png 150w, https:\/\/tunipellets.com\/wp-content\/uploads\/2017\/04\/img1-1-100x100.png 100w, https:\/\/tunipellets.com\/wp-content\/uploads\/2017\/04\/img1-1-64x64.png 64w\" sizes=\"auto, (max-width: 150px) 100vw, 150px\" \/><\/a><\/div>\n\n<div class=\"carousel-slider__item\">\n\t<img loading=\"lazy\" decoding=\"async\" width=\"150\" height=\"150\" src=\"https:\/\/tunipellets.com\/wp-content\/uploads\/2017\/04\/img2-1-150x150.png\" class=\"attachment-thumbnail size-thumbnail\" alt=\"\" srcset=\"https:\/\/tunipellets.com\/wp-content\/uploads\/2017\/04\/img2-1-150x150.png 150w, https:\/\/tunipellets.com\/wp-content\/uploads\/2017\/04\/img2-1-100x100.png 100w, https:\/\/tunipellets.com\/wp-content\/uploads\/2017\/04\/img2-1-64x64.png 64w\" sizes=\"auto, (max-width: 150px) 100vw, 150px\" \/><\/a><\/div>\n\n<div class=\"carousel-slider__item\">\n\t<img loading=\"lazy\" decoding=\"async\" width=\"150\" height=\"150\" src=\"https:\/\/tunipellets.com\/wp-content\/uploads\/2017\/04\/img3-1-150x150.png\" class=\"attachment-thumbnail size-thumbnail\" alt=\"\" srcset=\"https:\/\/tunipellets.com\/wp-content\/uploads\/2017\/04\/img3-1-150x150.png 150w, https:\/\/tunipellets.com\/wp-content\/uploads\/2017\/04\/img3-1-100x100.png 100w, https:\/\/tunipellets.com\/wp-content\/uploads\/2017\/04\/img3-1-64x64.png 64w\" sizes=\"auto, (max-width: 150px) 100vw, 150px\" \/><\/a><\/div>\n\n<div class=\"carousel-slider__item\">\n\t<img loading=\"lazy\" decoding=\"async\" width=\"150\" height=\"150\" src=\"https:\/\/tunipellets.com\/wp-content\/uploads\/2017\/04\/img4-1-150x150.png\" class=\"attachment-thumbnail size-thumbnail\" alt=\"\" srcset=\"https:\/\/tunipellets.com\/wp-content\/uploads\/2017\/04\/img4-1-150x150.png 150w, https:\/\/tunipellets.com\/wp-content\/uploads\/2017\/04\/img4-1-100x100.png 100w, https:\/\/tunipellets.com\/wp-content\/uploads\/2017\/04\/img4-1-64x64.png 64w\" sizes=\"auto, (max-width: 150px) 100vw, 150px\" \/><\/a><\/div>\n\n<div class=\"carousel-slider__item\">\n\t<img loading=\"lazy\" decoding=\"async\" width=\"150\" height=\"150\" src=\"https:\/\/tunipellets.com\/wp-content\/uploads\/2017\/04\/img6-1-150x150.png\" class=\"attachment-thumbnail size-thumbnail\" alt=\"\" srcset=\"https:\/\/tunipellets.com\/wp-content\/uploads\/2017\/04\/img6-1-150x150.png 150w, https:\/\/tunipellets.com\/wp-content\/uploads\/2017\/04\/img6-1-100x100.png 100w, https:\/\/tunipellets.com\/wp-content\/uploads\/2017\/04\/img6-1-64x64.png 64w\" sizes=\"auto, (max-width: 150px) 100vw, 150px\" \/><\/a><\/div>\n\n<div class=\"carousel-slider__item\">\n\t<img loading=\"lazy\" decoding=\"async\" width=\"150\" height=\"150\" src=\"https:\/\/tunipellets.com\/wp-content\/uploads\/2017\/04\/img7-1-150x150.png\" class=\"attachment-thumbnail size-thumbnail\" alt=\"CONDITIONING\" srcset=\"https:\/\/tunipellets.com\/wp-content\/uploads\/2017\/04\/img7-1-150x150.png 150w, https:\/\/tunipellets.com\/wp-content\/uploads\/2017\/04\/img7-1-100x100.png 100w, https:\/\/tunipellets.com\/wp-content\/uploads\/2017\/04\/img7-1-64x64.png 64w, https:\/\/tunipellets.com\/wp-content\/uploads\/2017\/04\/img7-1-277x275.png 277w\" sizes=\"auto, (max-width: 150px) 100vw, 150px\" \/><\/a><\/div>\n\n<div class=\"carousel-slider__item\">\n\t<img loading=\"lazy\" decoding=\"async\" width=\"150\" height=\"150\" src=\"https:\/\/tunipellets.com\/wp-content\/uploads\/2017\/04\/img8-1-150x150.png\" class=\"attachment-thumbnail size-thumbnail\" alt=\"CONDITIONING\" srcset=\"https:\/\/tunipellets.com\/wp-content\/uploads\/2017\/04\/img8-1-150x150.png 150w, https:\/\/tunipellets.com\/wp-content\/uploads\/2017\/04\/img8-1-100x100.png 100w, https:\/\/tunipellets.com\/wp-content\/uploads\/2017\/04\/img8-1-64x64.png 64w\" sizes=\"auto, (max-width: 150px) 100vw, 150px\" \/><\/a><\/div>\n\n<\/div><!-- .carousel-slider-4589 -->\n<\/div><!-- .carousel-slider-outer-4589 -->\n[\/vc_column_text][\/vc_column][\/vc_row]<\/p>\n<\/div>","protected":false},"excerpt":{"rendered":"<p>[vc_row css=&#8221;.vc_custom_1453217339571{padding-top: 50px !important;padding-bottom: 50px !important;}&#8221;][vc_column width=&#8221;1\/6&#8243;][vc_empty_space height=&#8221;64px&#8221;][vc_single_image image=&#8221;5989&#8243; img_size=&#8221;medium&#8221; alignment=&#8221;center&#8221;][vc_single_image image=&#8221;5991&#8243; img_size=&#8221;medium&#8221; alignment=&#8221;center&#8221;][\/vc_column][vc_column width=&#8221;5\/6&#8243;][vc_custom_heading text=&#8221;CERTIFICATI&#8221; font_container=&#8221;tag:h2|font_size:36|text_align:left|color:%23515151|line_height:1.2&#8243; google_fonts=&#8221;font_family:Cinzel%3Aregular%2C700%2C900|font_style:700%20bold%20regular%3A700%3Anormal&#8221;][vc_column_text]I pellet di legno certificati soddisfano requisiti molto severi in termini di qualit\u00e0 relativi a materie prime, caratteristiche fisiche e valori chimivi e calorici. Sono stati prodotti secondo un processo affidabile convalidato da organismi indipenditi. Questo approccio fornisce [&hellip;]<\/p>\n","protected":false},"author":1,"featured_media":0,"parent":0,"menu_order":0,"comment_status":"closed","ping_status":"closed","template":"","meta":{"footnotes":""},"class_list":["post-3136","page","type-page","status-publish","hentry"],"featured_image_src":"","featured_image_src_square":"","_links":{"self":[{"href":"https:\/\/tunipellets.com\/it\/wp-json\/wp\/v2\/pages\/3136","targetHints":{"allow":["GET"]}}],"collection":[{"href":"https:\/\/tunipellets.com\/it\/wp-json\/wp\/v2\/pages"}],"about":[{"href":"https:\/\/tunipellets.com\/it\/wp-json\/wp\/v2\/types\/page"}],"author":[{"embeddable":true,"href":"https:\/\/tunipellets.com\/it\/wp-json\/wp\/v2\/users\/1"}],"replies":[{"embeddable":true,"href":"https:\/\/tunipellets.com\/it\/wp-json\/wp\/v2\/comments?post=3136"}],"version-history":[{"count":58,"href":"https:\/\/tunipellets.com\/it\/wp-json\/wp\/v2\/pages\/3136\/revisions"}],"predecessor-version":[{"id":6013,"href":"https:\/\/tunipellets.com\/it\/wp-json\/wp\/v2\/pages\/3136\/revisions\/6013"}],"wp:attachment":[{"href":"https:\/\/tunipellets.com\/it\/wp-json\/wp\/v2\/media?parent=3136"}],"curies":[{"name":"wp","href":"https:\/\/api.w.org\/{rel}","templated":true}]}}