{"id":3034,"date":"2017-01-12T15:41:12","date_gmt":"2017-01-12T14:41:12","guid":{"rendered":"http:\/\/tunipellets.com\/?page_id=3034"},"modified":"2023-08-23T14:54:18","modified_gmt":"2023-08-23T12:54:18","slug":"conditioning","status":"publish","type":"page","link":"https:\/\/tunipellets.com\/it\/conditioning\/","title":{"rendered":"CONDITIONING"},"content":{"rendered":"<div class=\"wpb-content-wrapper\"><p>[vc_row css=&#8221;.vc_custom_1485259183938{padding-top: 10px !important;padding-bottom: 10px !important;}&#8221;][vc_column width=&#8221;1\/2&#8243;][vc_row_inner][vc_column_inner width=&#8221;1\/4&#8243;][\/vc_column_inner][vc_column_inner width=&#8221;2\/4&#8243;][vc_raw_html]JTIwJTNDaWZyYW1lJTIwd2lkdGglM0QlMjI1NjAlMjIlMjBoZWlnaHQlM0QlMjIzMTUlMjIlMjBzcmMlM0QlMjJodHRwcyUzQSUyRiUyRnR1bmlwZWxsZXRzLmNvbSUyRndwLWNvbnRlbnQlMkZ1cGxvYWRzJTJGMjAyMyUyRjA4JTJGVklELTIwMjMwODE1LVdBMDAwMS5tcDQlMjIlMjBmcmFtZWJvcmRlciUzRCUyMjAlMjIlMjBhbGxvd2Z1bGxzY3JlZW4lM0UlM0MlMkZpZnJhbWUlM0U=[\/vc_raw_html][\/vc_column_inner][vc_column_inner width=&#8221;1\/4&#8243;][\/vc_column_inner][\/vc_row_inner][\/vc_column][vc_column width=&#8221;1\/2&#8243;][vc_empty_space][vc_custom_heading text=&#8221;Condizionamento &#8221; font_container=&#8221;tag:h2|font_size:36|text_align:left|color:%23515151|line_height:1.2&#8243; google_fonts=&#8221;font_family:Cinzel%3Aregular%2C700%2C900|font_style:700%20bold%20regular%3A700%3Anormal&#8221;][vc_column_text]<\/p>\n<ul>\n<li>I granuli di legno sono imballati in dei sacchi di polietilene di 15 chili con un design personalizzato secondo le richieste dei clienti, i sacchi hanno dei logos di qualit\u00e0 ENplus e DINplus con i nostri identificanti ID<\/li>\n<li>Ogni 90 sacchi di 15 chili \u00e8 posto per paletta di 15 strati.<\/li>\n<li>Il tutto \u00e8 messo di seguito in cellophane per garantire una migliore stabilit\u00e0 dei sacchi durante le consegne.<\/li>\n<\/ul>\n<p>[\/vc_column_text][\/vc_column][\/vc_row][vc_row css=&#8221;.vc_custom_1485259183938{padding-top: 10px !important;padding-bottom: 10px !important;}&#8221;][vc_column width=&#8221;1\/2&#8243;][vc_empty_space height=&#8221;64px&#8221;][vc_custom_heading text=&#8221;Insaccamento &#8221; font_container=&#8221;tag:h4|font_size:36|text_align:left|color:%23515151|line_height:1.2&#8243; google_fonts=&#8221;font_family:Cinzel%3Aregular%2C700%2C900|font_style:700%20bold%20regular%3A700%3Anormal&#8221;][vc_column_text]I granuli di legno sono imballati in dei sacchi di polietilene di 15 chili con un design personalizzato secondo le richieste dei clienti.<\/p>\n<p>I sacchi di qualit\u00e0 premium hanno dei logos di qualit\u00e0 ENplus e DINplus con i nostri identificanti ID ed etichetta.[\/vc_column_text][vc_empty_space][\/vc_column][vc_column width=&#8221;1\/2&#8243;][vc_gallery interval=&#8221;3&#8243; images=&#8221;5105,5108,5107&#8243; img_size=&#8221;medium&#8221;][\/vc_column][\/vc_row][vc_row css=&#8221;.vc_custom_1485259183938{padding-top: 10px !important;padding-bottom: 10px !important;}&#8221;][vc_column width=&#8221;1\/2&#8243;][vc_gallery interval=&#8221;3&#8243; images=&#8221;5112,5111,5114&#8243; img_size=&#8221;medium&#8221;][vc_empty_space][\/vc_column][vc_column width=&#8221;1\/2&#8243;][vc_empty_space][vc_custom_heading text=&#8221;Palletizzazione&#8221; font_container=&#8221;tag:h4|font_size:36|text_align:left|color:%23515151|line_height:1.2&#8243; google_fonts=&#8221;font_family:Cinzel%3Aregular%2C700%2C900|font_style:700%20bold%20regular%3A700%3Anormal&#8221;][vc_column_text]Ogni 90 sacchi di 15 chili \u00e8 posto per paletta di 15 strati.<\/p>\n<p>Il tutto \u00e8 messo \u00e8 di seguito messo in cellophane per garantire una migliore stabilit\u00e0 dei sacchi durante le consegne.<\/p>\n<p>Sacchi 15 Kg PE100<\/p>\n<p>Paletta 1,14X1,14<\/p>\n<p>1350kg\/paletta (90 sacchi\/ 15lordo)[\/vc_column_text][\/vc_column][\/vc_row]<\/p>\n<\/div>","protected":false},"excerpt":{"rendered":"<p>[vc_row css=&#8221;.vc_custom_1485259183938{padding-top: 10px !important;padding-bottom: 10px !important;}&#8221;][vc_column width=&#8221;1\/2&#8243;][vc_row_inner][vc_column_inner width=&#8221;1\/4&#8243;][\/vc_column_inner][vc_column_inner width=&#8221;2\/4&#8243;][vc_raw_html]JTIwJTNDaWZyYW1lJTIwd2lkdGglM0QlMjI1NjAlMjIlMjBoZWlnaHQlM0QlMjIzMTUlMjIlMjBzcmMlM0QlMjJodHRwcyUzQSUyRiUyRnR1bmlwZWxsZXRzLmNvbSUyRndwLWNvbnRlbnQlMkZ1cGxvYWRzJTJGMjAyMyUyRjA4JTJGVklELTIwMjMwODE1LVdBMDAwMS5tcDQlMjIlMjBmcmFtZWJvcmRlciUzRCUyMjAlMjIlMjBhbGxvd2Z1bGxzY3JlZW4lM0UlM0MlMkZpZnJhbWUlM0U=[\/vc_raw_html][\/vc_column_inner][vc_column_inner width=&#8221;1\/4&#8243;][\/vc_column_inner][\/vc_row_inner][\/vc_column][vc_column width=&#8221;1\/2&#8243;][vc_empty_space][vc_custom_heading text=&#8221;Condizionamento &#8221; font_container=&#8221;tag:h2|font_size:36|text_align:left|color:%23515151|line_height:1.2&#8243; google_fonts=&#8221;font_family:Cinzel%3Aregular%2C700%2C900|font_style:700%20bold%20regular%3A700%3Anormal&#8221;][vc_column_text] I granuli di legno sono imballati in dei sacchi di polietilene di 15 chili con un design personalizzato secondo le richieste dei clienti, i sacchi hanno dei logos di qualit\u00e0 ENplus e DINplus con i nostri identificanti ID Ogni 90 [&hellip;]<\/p>\n","protected":false},"author":1,"featured_media":0,"parent":0,"menu_order":0,"comment_status":"closed","ping_status":"closed","template":"","meta":{"footnotes":""},"class_list":["post-3034","page","type-page","status-publish","hentry"],"featured_image_src":"","featured_image_src_square":"","_links":{"self":[{"href":"https:\/\/tunipellets.com\/it\/wp-json\/wp\/v2\/pages\/3034","targetHints":{"allow":["GET"]}}],"collection":[{"href":"https:\/\/tunipellets.com\/it\/wp-json\/wp\/v2\/pages"}],"about":[{"href":"https:\/\/tunipellets.com\/it\/wp-json\/wp\/v2\/types\/page"}],"author":[{"embeddable":true,"href":"https:\/\/tunipellets.com\/it\/wp-json\/wp\/v2\/users\/1"}],"replies":[{"embeddable":true,"href":"https:\/\/tunipellets.com\/it\/wp-json\/wp\/v2\/comments?post=3034"}],"version-history":[{"count":45,"href":"https:\/\/tunipellets.com\/it\/wp-json\/wp\/v2\/pages\/3034\/revisions"}],"predecessor-version":[{"id":6071,"href":"https:\/\/tunipellets.com\/it\/wp-json\/wp\/v2\/pages\/3034\/revisions\/6071"}],"wp:attachment":[{"href":"https:\/\/tunipellets.com\/it\/wp-json\/wp\/v2\/media?parent=3034"}],"curies":[{"name":"wp","href":"https:\/\/api.w.org\/{rel}","templated":true}]}}