{"id":3028,"date":"2017-01-12T15:40:34","date_gmt":"2017-01-12T14:40:34","guid":{"rendered":"http:\/\/tunipellets.com\/?page_id=3028"},"modified":"2017-11-20T11:45:42","modified_gmt":"2017-11-20T10:45:42","slug":"compost","status":"publish","type":"page","link":"https:\/\/tunipellets.com\/it\/compost\/","title":{"rendered":"IL COMPOST"},"content":{"rendered":"<div class=\"wpb-content-wrapper\"><p>[vc_row][vc_column width=&#8221;1\/2&#8243;][vc_single_image image=&#8221;4810&#8243; img_size=&#8221;full&#8221; alignment=&#8221;center&#8221;][\/vc_column][vc_column width=&#8221;1\/2&#8243;][vc_custom_heading text=&#8221;IL COMPOST &#8221; google_fonts=&#8221;font_family:Cinzel%3Aregular%2C700%2C900|font_style:700%20bold%20regular%3A700%3Anormal&#8221;][vc_column_text]Il compost \u00e8 il risultato del riciclaggio di sostanza organica. Il compost \u00e8 un, brunastro, sostanza frammentato scuro che puzza come il legno. questo \u00e8 humus contenenti organismi viventi ei minerali che possono essere utilizzati come cibo per le piante.<\/p>\n<p>Il compost \u00e8 un eccellente ammendante. Ha un&#8217;alta concentrazione di materia organica e contribuisce a restituire alla Terra le sue caratteristiche che-sono-state esaurite con il tempo e l&#8217;uso.[\/vc_column_text][\/vc_column][\/vc_row][vc_row][vc_column width=&#8221;1\/3&#8243;][vc_single_image image=&#8221;5220&#8243; img_size=&#8221;large&#8221;][\/vc_column][vc_column width=&#8221;1\/3&#8243;][vc_single_image image=&#8221;5221&#8243; img_size=&#8221;large&#8221; alignment=&#8221;center&#8221;][\/vc_column][vc_column width=&#8221;1\/3&#8243;][vc_single_image image=&#8221;5222&#8243; img_size=&#8221;large&#8221; alignment=&#8221;center&#8221;][\/vc_column][\/vc_row][vc_row][vc_column][vc_custom_heading text=&#8221;Vedi altro&#8221; google_fonts=&#8221;font_family:Cinzel%3Aregular%2C700%2C900|font_style:700%20bold%20regular%3A700%3Anormal&#8221;][\/vc_column][\/vc_row][vc_row][vc_column width=&#8221;1\/4&#8243;][vc_single_image image=&#8221;4815&#8243; alignment=&#8221;center&#8221;][vc_custom_heading text=&#8221;LETTIERA PER POLLAME &#8221; font_container=&#8221;tag:h2|text_align:center&#8221; google_fonts=&#8221;font_family:Open%20Sans%3A300%2C300italic%2Cregular%2Citalic%2C600%2C600italic%2C700%2C700italic%2C800%2C800italic|font_style:400%20regular%3A400%3Anormal&#8221; link=&#8221;url:http%3A%2F%2Ftunipellets.com%2Fpoultry-litter%2F|||&#8221;][\/vc_column][vc_column width=&#8221;1\/4&#8243;][vc_single_image image=&#8221;4813&#8243; alignment=&#8221;center&#8221;][vc_custom_heading text=&#8221;LETTIERA PER CAVALLI&#8221; font_container=&#8221;tag:h2|text_align:center&#8221; google_fonts=&#8221;font_family:Open%20Sans%3A300%2C300italic%2Cregular%2Citalic%2C600%2C600italic%2C700%2C700italic%2C800%2C800italic|font_style:400%20regular%3A400%3Anormal&#8221; link=&#8221;url:http%3A%2F%2Ftunipellets.com%2Fwood-pellet-horse-bedding%2F|||&#8221;][\/vc_column][vc_column width=&#8221;1\/4&#8243;][\/vc_column][vc_column width=&#8221;1\/4&#8243;][\/vc_column][\/vc_row]<\/p>\n<\/div>","protected":false},"excerpt":{"rendered":"<p>[vc_row][vc_column width=&#8221;1\/2&#8243;][vc_single_image image=&#8221;4810&#8243; img_size=&#8221;full&#8221; alignment=&#8221;center&#8221;][\/vc_column][vc_column width=&#8221;1\/2&#8243;][vc_custom_heading text=&#8221;IL COMPOST &#8221; google_fonts=&#8221;font_family:Cinzel%3Aregular%2C700%2C900|font_style:700%20bold%20regular%3A700%3Anormal&#8221;][vc_column_text]Il compost \u00e8 il risultato del riciclaggio di sostanza organica. Il compost \u00e8 un, brunastro, sostanza frammentato scuro che puzza come il legno. questo \u00e8 humus contenenti organismi viventi ei minerali che possono essere utilizzati come cibo per le piante. Il compost \u00e8 un eccellente ammendante. [&hellip;]<\/p>\n","protected":false},"author":1,"featured_media":0,"parent":0,"menu_order":0,"comment_status":"closed","ping_status":"closed","template":"","meta":{"footnotes":""},"class_list":["post-3028","page","type-page","status-publish","hentry"],"featured_image_src":"","featured_image_src_square":"","_links":{"self":[{"href":"https:\/\/tunipellets.com\/it\/wp-json\/wp\/v2\/pages\/3028","targetHints":{"allow":["GET"]}}],"collection":[{"href":"https:\/\/tunipellets.com\/it\/wp-json\/wp\/v2\/pages"}],"about":[{"href":"https:\/\/tunipellets.com\/it\/wp-json\/wp\/v2\/types\/page"}],"author":[{"embeddable":true,"href":"https:\/\/tunipellets.com\/it\/wp-json\/wp\/v2\/users\/1"}],"replies":[{"embeddable":true,"href":"https:\/\/tunipellets.com\/it\/wp-json\/wp\/v2\/comments?post=3028"}],"version-history":[{"count":12,"href":"https:\/\/tunipellets.com\/it\/wp-json\/wp\/v2\/pages\/3028\/revisions"}],"predecessor-version":[{"id":5423,"href":"https:\/\/tunipellets.com\/it\/wp-json\/wp\/v2\/pages\/3028\/revisions\/5423"}],"wp:attachment":[{"href":"https:\/\/tunipellets.com\/it\/wp-json\/wp\/v2\/media?parent=3028"}],"curies":[{"name":"wp","href":"https:\/\/api.w.org\/{rel}","templated":true}]}}