{"id":3022,"date":"2017-01-12T15:39:29","date_gmt":"2017-01-12T14:39:29","guid":{"rendered":"http:\/\/tunipellets.com\/?page_id=3022"},"modified":"2019-01-25T13:27:01","modified_gmt":"2019-01-25T12:27:01","slug":"eco-management","status":"publish","type":"page","link":"https:\/\/tunipellets.com\/it\/eco-management\/","title":{"rendered":"ATTIVIT\u00c0"},"content":{"rendered":"<div class=\"wpb-content-wrapper\"><p>[vc_row css=&#8221;.vc_custom_1487283553082{margin-top: 30px !important;}&#8221;][vc_column width=&#8221;1\/2&#8243;][vc_custom_heading text=&#8221;PROCESSO DI FABBRICAZIONE&#8221; google_fonts=&#8221;font_family:Cinzel%3Aregular%2C700%2C900|font_style:700%20bold%20regular%3A700%3Anormal&#8221;][vc_column_text]<img loading=\"lazy\" decoding=\"async\" class=\"alignnone wp-image-4098\" src=\"http:\/\/tunipellets.com\/wp-content\/uploads\/2017\/02\/cropped-icon-tunipellets-300x300.png\" alt=\"\" width=\"25\" height=\"25\" \/>La materia prima \u00e8 innanzitutto scaricata, selezionata e le impurit\u00e0 eliminate<\/p>\n<p><img loading=\"lazy\" decoding=\"async\" class=\"alignnone wp-image-4098\" src=\"http:\/\/tunipellets.com\/wp-content\/uploads\/2017\/02\/cropped-icon-tunipellets-300x300.png\" alt=\"\" width=\"25\" height=\"25\" \/>Il processo di sgusciatura scortica la corteccia per un tasso minimo di ceneri<\/p>\n<p><img loading=\"lazy\" decoding=\"async\" class=\"alignnone wp-image-4098\" src=\"http:\/\/tunipellets.com\/wp-content\/uploads\/2017\/02\/cropped-icon-tunipellets-300x300.png\" alt=\"\" width=\"25\" height=\"25\" \/>Il legno \u00e8 di seguito tagliato in pezzettini con il trituratore<\/p>\n<p><img loading=\"lazy\" decoding=\"async\" class=\"alignnone wp-image-4098\" src=\"http:\/\/tunipellets.com\/wp-content\/uploads\/2017\/02\/cropped-icon-tunipellets-300x300.png\" alt=\"\" width=\"25\" height=\"25\" \/>L&#8217;essicazione rimuove l&#8217;umidit\u00e0 nel legno per permettere ai granuli massimi valori calorifici<\/p>\n<p><img loading=\"lazy\" decoding=\"async\" class=\"alignnone wp-image-4098\" src=\"http:\/\/tunipellets.com\/wp-content\/uploads\/2017\/02\/cropped-icon-tunipellets-300x300.png\" alt=\"\" width=\"25\" height=\"25\" \/>Il legno tagliato \u00e8 frantumato per ottenere una segatura omogenea di bassa granulometria<\/p>\n<p><img loading=\"lazy\" decoding=\"async\" class=\"alignnone wp-image-4098\" src=\"http:\/\/tunipellets.com\/wp-content\/uploads\/2017\/02\/cropped-icon-tunipellets-300x300.png\" alt=\"\" width=\"25\" height=\"25\" \/>La segatura \u00e8 di seguito compressa dando luogo a piccoli cilindri di legno di 6mm di diametro<\/p>\n<p><img loading=\"lazy\" decoding=\"async\" class=\"alignnone wp-image-4098\" src=\"http:\/\/tunipellets.com\/wp-content\/uploads\/2017\/02\/cropped-icon-tunipellets-300x300.png\" alt=\"\" width=\"25\" height=\"25\" \/>I granuli di legno sono poi raffreddati e setacciati<\/p>\n<p><img loading=\"lazy\" decoding=\"async\" class=\"alignnone wp-image-4098\" src=\"http:\/\/tunipellets.com\/wp-content\/uploads\/2017\/02\/cropped-icon-tunipellets-300x300.png\" alt=\"\" width=\"25\" height=\"25\" \/>L&#8217;imballaggio si presenta sotto forma di sacchi di 15 chili<\/p>\n<p><img loading=\"lazy\" decoding=\"async\" class=\"alignnone wp-image-4098\" src=\"http:\/\/tunipellets.com\/wp-content\/uploads\/2017\/02\/cropped-icon-tunipellets-300x300.png\" alt=\"\" width=\"25\" height=\"25\" \/>Infine, la palettizazzione e la messa in cellophane[\/vc_column_text][\/vc_column][vc_column width=&#8221;1\/2&#8243;][vc_empty_space height=&#8221;80px&#8221;][vc_video link=&#8221;https:\/\/www.youtube.com\/watch?v=W2-8d9FckOI&#8221;][\/vc_column][\/vc_row][vc_row][vc_column el_class=&#8221;activity_box&#8221;][vc_column_text]<div class=\"carousel-slider-outer carousel-slider-outer-image-carousel carousel-slider-outer-4572\" style=\"--carousel-slider-nav-color:#0c0c0c;--carousel-slider-active-nav-color:#4caf50;--carousel-slider-arrow-size:48px;--carousel-slider-bullet-size:10px\">\n<div id=\"&#039;id-4572\" class=\"carousel-slider carousel-slider-4572 arrows-visibility-hover dots-visibility-always arrows-outside dots-center dots-circle owl-carousel\" data-slide-type=\"image-carousel\" data-owl-settings='{\"nav\":true,\"dots\":true,\"slideBy\":1,\"stagePadding\":0,\"margin\":10,\"loop\":true,\"lazyLoad\":true,\"autoplay\":true,\"autoplayTimeout\":5000,\"autoplaySpeed\":500,\"autoplayHoverPause\":false,\"autoWidth\":false,\"responsive\":{\"300\":{\"items\":1},\"576\":{\"items\":2},\"768\":{\"items\":2},\"1024\":{\"items\":3},\"1280\":{\"items\":4},\"1536\":{\"items\":5}}}'>\n<div class=\"carousel-slider__item\">\n\t<img class=\"owl-lazy\" data-src=\"https:\/\/tunipellets.com\/wp-content\/uploads\/2017\/04\/img1-2.png\" alt=\"Production Pellet\"><\/a><\/div>\n\n<div class=\"carousel-slider__item\">\n\t<img class=\"owl-lazy\" data-src=\"https:\/\/tunipellets.com\/wp-content\/uploads\/2017\/04\/img2-2.png\" alt=\"Production Pellet\"><\/a><\/div>\n\n<div class=\"carousel-slider__item\">\n\t<img class=\"owl-lazy\" data-src=\"https:\/\/tunipellets.com\/wp-content\/uploads\/2017\/04\/img3-2.png\" alt=\"Production Pellet\"><\/a><\/div>\n\n<div class=\"carousel-slider__item\">\n\t<img class=\"owl-lazy\" data-src=\"https:\/\/tunipellets.com\/wp-content\/uploads\/2017\/04\/img4-2.png\" alt=\"Production Pellet\"><\/a><\/div>\n\n<div class=\"carousel-slider__item\">\n\t<img class=\"owl-lazy\" data-src=\"https:\/\/tunipellets.com\/wp-content\/uploads\/2017\/04\/img5-2.png\" alt=\"Production Pellet\"><\/a><\/div>\n\n<div class=\"carousel-slider__item\">\n\t<img class=\"owl-lazy\" data-src=\"https:\/\/tunipellets.com\/wp-content\/uploads\/2017\/04\/img6-2.png\" alt=\"Production Pellet\"><\/a><\/div>\n\n<div class=\"carousel-slider__item\">\n\t<img class=\"owl-lazy\" data-src=\"https:\/\/tunipellets.com\/wp-content\/uploads\/2017\/04\/img7-2.png\" alt=\"Press\"><\/a><\/div>\n\n<div class=\"carousel-slider__item\">\n\t<img class=\"owl-lazy\" data-src=\"https:\/\/tunipellets.com\/wp-content\/uploads\/2017\/04\/img8-2.png\" alt=\"Emballages\"><\/a><\/div>\n\n<div class=\"carousel-slider__item\">\n\t<img class=\"owl-lazy\" data-src=\"https:\/\/tunipellets.com\/wp-content\/uploads\/2017\/04\/img9-1.png\" alt=\"tracking\"><\/a><\/div>\n\n<div class=\"carousel-slider__item\">\n\t<img class=\"owl-lazy\" data-src=\"https:\/\/tunipellets.com\/wp-content\/uploads\/2023\/05\/PHOTO1.jpg\" alt=\"\"><\/a><\/div>\n\n<div class=\"carousel-slider__item\">\n\t<img class=\"owl-lazy\" data-src=\"https:\/\/tunipellets.com\/wp-content\/uploads\/2023\/05\/photo2.jpg\" alt=\"\"><\/a><\/div>\n\n<div class=\"carousel-slider__item\">\n\t<img class=\"owl-lazy\" data-src=\"https:\/\/tunipellets.com\/wp-content\/uploads\/2023\/04\/PHOTO-4.jpg\" alt=\"\"><\/a><\/div>\n\n<div class=\"carousel-slider__item\">\n\t<img class=\"owl-lazy\" data-src=\"https:\/\/tunipellets.com\/wp-content\/uploads\/2023\/04\/PHOTO-3.jpg\" alt=\"\"><\/a><\/div>\n\n<\/div><!-- .carousel-slider-4572 -->\n<\/div><!-- .carousel-slider-outer-4572 -->\n[\/vc_column_text][\/vc_column][\/vc_row][vc_row][vc_column][vc_custom_heading text=&#8221;Eco-management&#8221; google_fonts=&#8221;font_family:Cinzel%3Aregular%2C700%2C900|font_style:700%20bold%20regular%3A700%3Anormal&#8221;][\/vc_column][vc_column width=&#8221;1\/2&#8243;][vc_single_image image=&#8221;5280&#8243; img_size=&#8221;full&#8221; alignment=&#8221;center&#8221;][vc_column_text]<\/p>\n<p style=\"text-align: center;\">il 100% della materia prima proviene dalle foreste tunisine del nord-ovest famose per il pino d&#8217;Aleppo razionalmente sfruttato sotto il controllo dello stato e delle istituzioni pubbliche.<\/p>\n<p>[\/vc_column_text][\/vc_column][vc_column width=&#8221;1\/2&#8243;][vc_single_image image=&#8221;5277&#8243; img_size=&#8221;full&#8221; alignment=&#8221;center&#8221;][vc_column_text]<\/p>\n<p style=\"text-align: center;\">La fabbricazione e l&#8217;uso dei granuli dei boschi protegge l&#8217;ambiente e il pianeta contro il riscaldamento climatico. Il legno \u00e8 una materia prima rinnovabile il cui sfruttamento libera poco co2. Il bilancio CO2 dei granuli di legno \u00e8 quasi neutro.<\/p>\n<p>[\/vc_column_text][\/vc_column][\/vc_row][vc_row][vc_column width=&#8221;1\/2&#8243;][vc_single_image image=&#8221;5279&#8243; img_size=&#8221;full&#8221; alignment=&#8221;center&#8221;][vc_column_text]<\/p>\n<p style=\"text-align: center;\">I nostri granuli di legno sono fabbricati a partire da una materia prima naturale e rinnovabile. Quei granuli si contraddistinguono per il loro elevato contenuto energetico con poco impatto sull&#8217;ambiente.<\/p>\n<p>[\/vc_column_text][\/vc_column][vc_column width=&#8221;1\/2&#8243;][vc_single_image image=&#8221;5278&#8243; img_size=&#8221;full&#8221; alignment=&#8221;center&#8221;][vc_column_text]<\/p>\n<p style=\"text-align: center;\">I granuli di legno sono sempre pi\u00f9 competitivi rispetto alle altre energie usate per il riscaldamento.<\/p>\n<p>[\/vc_column_text][\/vc_column][\/vc_row]<\/p>\n<\/div>","protected":false},"excerpt":{"rendered":"<p>[vc_row css=&#8221;.vc_custom_1487283553082{margin-top: 30px !important;}&#8221;][vc_column width=&#8221;1\/2&#8243;][vc_custom_heading text=&#8221;PROCESSO DI FABBRICAZIONE&#8221; google_fonts=&#8221;font_family:Cinzel%3Aregular%2C700%2C900|font_style:700%20bold%20regular%3A700%3Anormal&#8221;][vc_column_text]La materia prima \u00e8 innanzitutto scaricata, selezionata e le impurit\u00e0 eliminate Il processo di sgusciatura scortica la corteccia per un tasso minimo di ceneri Il legno \u00e8 di seguito tagliato in pezzettini con il trituratore L&#8217;essicazione rimuove l&#8217;umidit\u00e0 nel legno per permettere ai granuli massimi valori calorifici [&hellip;]<\/p>\n","protected":false},"author":1,"featured_media":0,"parent":0,"menu_order":0,"comment_status":"closed","ping_status":"closed","template":"","meta":{"footnotes":""},"class_list":["post-3022","page","type-page","status-publish","hentry"],"featured_image_src":"","featured_image_src_square":"","_links":{"self":[{"href":"https:\/\/tunipellets.com\/it\/wp-json\/wp\/v2\/pages\/3022","targetHints":{"allow":["GET"]}}],"collection":[{"href":"https:\/\/tunipellets.com\/it\/wp-json\/wp\/v2\/pages"}],"about":[{"href":"https:\/\/tunipellets.com\/it\/wp-json\/wp\/v2\/types\/page"}],"author":[{"embeddable":true,"href":"https:\/\/tunipellets.com\/it\/wp-json\/wp\/v2\/users\/1"}],"replies":[{"embeddable":true,"href":"https:\/\/tunipellets.com\/it\/wp-json\/wp\/v2\/comments?post=3022"}],"version-history":[{"count":13,"href":"https:\/\/tunipellets.com\/it\/wp-json\/wp\/v2\/pages\/3022\/revisions"}],"predecessor-version":[{"id":6105,"href":"https:\/\/tunipellets.com\/it\/wp-json\/wp\/v2\/pages\/3022\/revisions\/6105"}],"wp:attachment":[{"href":"https:\/\/tunipellets.com\/it\/wp-json\/wp\/v2\/media?parent=3022"}],"curies":[{"name":"wp","href":"https:\/\/api.w.org\/{rel}","templated":true}]}}