{"id":2228,"date":"2015-12-21T08:42:46","date_gmt":"2015-12-21T07:42:46","guid":{"rendered":"http:\/\/wp.swlabs.co\/edugate_ip\/?page_id=10"},"modified":"2025-11-06T15:47:11","modified_gmt":"2025-11-06T14:47:11","slug":"accueil","status":"publish","type":"page","link":"https:\/\/tunipellets.com\/it\/","title":{"rendered":"ACCOGLIENZA"},"content":{"rendered":"<div class=\"vce-row-container\" data-vce-boxed-width=\"true\"><div class=\"vce-row vce-row--col-gap-30 vce-row-equal-height vce-row-content--top\" id=\"el-6eb55477\" data-vce-do-apply=\"all el-6eb55477\"><div class=\"vce-row-content\" data-vce-element-content=\"true\"><div class=\"vce-col vce-col--md-auto vce-col--xs-1 vce-col--xs-last vce-col--xs-first vce-col--sm-last vce-col--sm-first vce-col--md-last vce-col--lg-last vce-col--xl-last vce-col--md-first vce-col--lg-first vce-col--xl-first\" id=\"el-0788bf2f\"><div class=\"vce-col-inner\" data-vce-do-apply=\"border margin background  el-0788bf2f\"><div class=\"vce-col-content\" data-vce-element-content=\"true\" data-vce-do-apply=\"padding el-0788bf2f\"><div class=\"vce-text-block\"><div class=\"vce-text-block-wrapper vce\" id=\"el-1db67638\" data-vce-do-apply=\"all el-1db67638\"><p>[vc_row el_class=\"slider_home\" css=\".vc_custom_1487603062432{margin-bottom: 0px !important;padding-bottom: 0px !important;}\"][vc_column css=\".vc_custom_1487604320634{margin-bottom: 0px !important;padding-bottom: 0px !important;}\"][rev_slider_vc alias=\"fullscreen-main-slider-it\"][\/vc_column][\/vc_row][vc_row full_width=\"stretch_row_content\" css=\".vc_custom_1491056920046{margin-top: 35px !important;margin-bottom: 15px !important;padding-top: 15px !important;}\" el_class=\"box\"][vc_column width=\"1\/12\" css=\".vc_custom_1486402445467{margin-top: -400px !important;}\"][\/vc_column][vc_column width=\"10\/12\"][vc_empty_space height=\"35px\"][vc_row_inner css=\".vc_custom_1487605468912{margin-bottom: 40px !important;padding-top: 40px !important;}\"][vc_column_inner width=\"1\/4\" css=\".vc_custom_1491049445566{background-color: rgba(255,255,255,0.7) !important;*background-color: rgb(255,255,255) !important;}\"][vc_icon icon_fontawesome=\"fa fa-envira\" color=\"custom\" size=\"xl\" align=\"center\" link=\"url:http%3A%2F%2Ftunipellets.com%2Fproducts-2%2F|||\" el_class=\"icon_box_prod\" custom_color=\"#7dc773\"][vc_custom_heading text=\"Prodotti\" font_container=\"tag:h2|text_align:center\" google_fonts=\"font_family:Arimo%3Aregular%2Citalic%2C700%2C700italic|font_style:700%20bold%20regular%3A700%3Anormal\" link=\"url:http%3A%2F%2Ftunipellets.com%2Fproducts-2%2F|||\" el_class=\"header_box_prod\"][vc_column_text el_class=\"box_txt_prod\"]Tunipellets fabbrica dei granuli di legno di qualit\u00e0 superiore principalmente destinati al riscaldamento domestico e alla produzione di elettricit\u00e0. Essa commercializza anche altri prodotti ausiliari a base di legno.[\/vc_column_text][\/vc_column_inner][vc_column_inner width=\"1\/4\"][vc_icon icon_fontawesome=\"fa fa-cog\" color=\"custom\" size=\"xl\" align=\"center\" link=\"url:http%3A%2F%2Ftunipellets.com%2Fabout-us-2%2F|||\" el_class=\"icon_box_service\" custom_color=\"#7dc773\"][vc_custom_heading text=\"Servizi\" font_container=\"tag:h2|text_align:center\" google_fonts=\"font_family:Arimo%3Aregular%2Citalic%2C700%2C700italic|font_style:700%20bold%20regular%3A700%3Anormal\" link=\"url:http%3A%2F%2Ftunipellets.com%2Fabout-us-2%2F|||\" el_class=\"header_box_services\"][vc_column_text el_class=\"box_txt_services\"]Tunipellets cerca di soddisfare i bisogni dei propri clienti fornendogli prodotti di alta qualit\u00e0 rispettando i tempi di consegna e conducendo un processo affidabile e ottimizzato.[\/vc_column_text][\/vc_column_inner][vc_column_inner width=\"1\/4\"][vc_icon icon_fontawesome=\"fa fa-graduation-cap\" color=\"custom\" size=\"xl\" align=\"center\" link=\"url:http%3A%2F%2Ftunipellets.com%2Fcertifications%2F|||\" el_class=\"icon_box_certif\" custom_color=\"#7dc773\"][vc_custom_heading text=\"Certificazioni\" font_container=\"tag:h2|text_align:center\" google_fonts=\"font_family:Arimo%3Aregular%2Citalic%2C700%2C700italic|font_style:700%20bold%20regular%3A700%3Anormal\" link=\"url:http%3A%2F%2Ftunipellets.com%2Fcertifications%2F|||\" el_class=\"header_box_certif\"][vc_column_text el_class=\"box_txt_certif\"]Tunipellets \u00e8 certificata a sensi del EN PLUS A1 il cui codice identificativo \u00e8 TN003 e ai sensi del DIN PLUS il cui label \u00e8 7A284[\/vc_column_text][\/vc_column_inner][vc_column_inner width=\"1\/4\"][vc_icon icon_fontawesome=\"fa fa-money\" color=\"custom\" size=\"xl\" align=\"center\" link=\"url:%23popmake-4746|||\" el_class=\"icon_box_quotation\" custom_color=\"#7dc773\"][vc_custom_heading text=\"Preventivo\" font_container=\"tag:h2|text_align:center\" google_fonts=\"font_family:Arimo%3Aregular%2Citalic%2C700%2C700italic|font_style:700%20bold%20regular%3A700%3Anormal\" link=\"url:%23popmake-4746|||\" el_class=\"header_box_prod\"][vc_column_text el_class=\"box_txt_quotation\"]Rispetto agli altri, i nostri prezzi sono molto competitivi. Chiedete un preventivo e otterrete l'offerta migliore del mercato.[\/vc_column_text][\/vc_column_inner][\/vc_row_inner][\/vc_column][vc_column width=\"1\/12\"][\/vc_column][\/vc_row][vc_row full_width=\"stretch_row\" css=\".vc_custom_1491081589768{margin-top: -15px !important;background-position: center !important;background-repeat: no-repeat !important;background-size: cover !important;}\"][vc_column][vc_custom_heading text=\"Notizie\" font_container=\"tag:h2|font_size:40px|text_align:center|color:%230a0a0a\" google_fonts=\"font_family:Istok%20Web%3Aregular%2Citalic%2C700%2C700italic|font_style:400%20regular%3A400%3Anormal\" css=\".vc_custom_1491753306583{margin-bottom: 3px !important;}\"][vc_empty_space height=\"50px\"][swlabscore_post_grid_sc limit_post=\"3\" column=\"3\" pagination=\"no\" category_list=\"%5B%7B%7D%5D\" tag_list=\"%5B%7B%7D%5D\" author_list=\"%5B%7B%7D%5D\"][vc_column css=\".vc_custom_1486376863005{margin-top: 25px !important;}\"][\/vc_column][\/vc_column][\/vc_row][vc_row][vc_column][vc_column_text]<\/p>\n<p>[\/vc_column_text][\/vc_column][\/vc_row][vc_row][vc_images_carousel images=\"5965\" img_size=\"full\" onclick=\"link_no\" autoplay=\"yes\" wrap=\"yes\"][\/vc_row]<\/p>\n<\/div><\/div><\/div><\/div><\/div><\/div><\/div><\/div>\n","protected":false},"excerpt":{"rendered":"<p>[vc_row el_class=&#8221;slider_home&#8221; css=&#8221;.vc_custom_1487603062432{margin-bottom: 0px !important;padding-bottom: 0px !important;}&#8221;][vc_column css=&#8221;.vc_custom_1487604320634{margin-bottom: 0px !important;padding-bottom: 0px !important;}&#8221;][rev_slider_vc alias=&#8221;fullscreen-main-slider-it&#8221;][\/vc_column][\/vc_row][vc_row full_width=&#8221;stretch_row_content&#8221; css=&#8221;.vc_custom_1491056920046{margin-top: 35px !important;margin-bottom: 15px !important;padding-top: 15px !important;}&#8221; el_class=&#8221;box&#8221;][vc_column width=&#8221;1\/12&#8243; css=&#8221;.vc_custom_1486402445467{margin-top: -400px !important;}&#8221;][\/vc_column][vc_column width=&#8221;10\/12&#8243;][vc_empty_space height=&#8221;35px&#8221;][vc_row_inner css=&#8221;.vc_custom_1487605468912{margin-bottom: 40px !important;padding-top: 40px !important;}&#8221;][vc_column_inner width=&#8221;1\/4&#8243; css=&#8221;.vc_custom_1491049445566{background-color: rgba(255,255,255,0.7) !important;*background-color: rgb(255,255,255) !important;}&#8221;][vc_icon icon_fontawesome=&#8221;fa fa-envira&#8221; color=&#8221;custom&#8221; size=&#8221;xl&#8221; align=&#8221;center&#8221; link=&#8221;url:http%3A%2F%2Ftunipellets.com%2Fproducts-2%2F|||&#8221; el_class=&#8221;icon_box_prod&#8221; custom_color=&#8221;#7dc773&#8243;][vc_custom_heading text=&#8221;Prodotti&#8221; font_container=&#8221;tag:h2|text_align:center&#8221; google_fonts=&#8221;font_family:Arimo%3Aregular%2Citalic%2C700%2C700italic|font_style:700%20bold%20regular%3A700%3Anormal&#8221; link=&#8221;url:http%3A%2F%2Ftunipellets.com%2Fproducts-2%2F|||&#8221; el_class=&#8221;header_box_prod&#8221;][vc_column_text el_class=&#8221;box_txt_prod&#8221;]Tunipellets fabbrica dei [&hellip;]<\/p>\n","protected":false},"author":1,"featured_media":0,"parent":0,"menu_order":0,"comment_status":"closed","ping_status":"closed","template":"","meta":{"footnotes":""},"class_list":["post-2228","page","type-page","status-publish","hentry"],"featured_image_src":"","featured_image_src_square":"","_links":{"self":[{"href":"https:\/\/tunipellets.com\/it\/wp-json\/wp\/v2\/pages\/2228","targetHints":{"allow":["GET"]}}],"collection":[{"href":"https:\/\/tunipellets.com\/it\/wp-json\/wp\/v2\/pages"}],"about":[{"href":"https:\/\/tunipellets.com\/it\/wp-json\/wp\/v2\/types\/page"}],"author":[{"embeddable":true,"href":"https:\/\/tunipellets.com\/it\/wp-json\/wp\/v2\/users\/1"}],"replies":[{"embeddable":true,"href":"https:\/\/tunipellets.com\/it\/wp-json\/wp\/v2\/comments?post=2228"}],"version-history":[{"count":90,"href":"https:\/\/tunipellets.com\/it\/wp-json\/wp\/v2\/pages\/2228\/revisions"}],"predecessor-version":[{"id":6103,"href":"https:\/\/tunipellets.com\/it\/wp-json\/wp\/v2\/pages\/2228\/revisions\/6103"}],"wp:attachment":[{"href":"https:\/\/tunipellets.com\/it\/wp-json\/wp\/v2\/media?parent=2228"}],"curies":[{"name":"wp","href":"https:\/\/api.w.org\/{rel}","templated":true}]}}